{"id":113,"date":"2020-01-28T19:19:32","date_gmt":"2020-01-28T19:19:32","guid":{"rendered":"https:\/\/www.stockstextilesbarcelona.com\/?page_id=113"},"modified":"2020-04-18T22:11:31","modified_gmt":"2020-04-18T22:11:31","slug":"productos","status":"publish","type":"page","link":"https:\/\/www.stockstextilesbarcelona.com\/?page_id=113","title":{"rendered":"Productos"},"content":{"rendered":"<div id=\"skt-builder-image-text-block-30\" class=\"skt-builder-block-wrapper skt-builder-image-text-block skt-builder-image-text-block-30\" style=\"background-color: #ffffff; background-image: url(); padding-bottom: 0px; padding-top: 40px; \">\r\n\t<div class=\"skt-builder-block-inner skt-builder-block-inner-30\" style=\"\">\r\n\t\t<div class=\"skt-builder-container\">\r\n\t\t\t<div class=\"skt-builder-columns-row skt-builder-columns-row-2column\">\r\n\t\t\t\t\t<div class=\"skt-builder-column\">\r\n\t\t\t\t\t\t\t<div class=\"skt-builder-column-inner\"><img decoding=\"async\" src=\"https:\/\/www.stockstextilesbarcelona.com\/wp-content\/uploads\/2020\/01\/foto-1-min-scaled.jpg\"><\/div>\r\n\t\t\t\t\t<\/div>\r\n\t\t\t\t\t<div class=\"skt-builder-column\">\r\n\t\t\t\t\t\t\t<div class=\"skt-builder-block-title\">\r\n\t\t\t\t\t\t\t\t<h2 style=\"color: #282828; text-align: left;\">Conoce nuestra amplia gama de telas para confecci\u00f3n y tejidos textiles en general.<\/h2>\r\n\t\t\t\t\t\t\t<\/div>\r\n\t\t\t\t\t\t\t<div class=\"skt-builder-column-inner\"><p>En Stocks Textiles Barcelona vas a encontrar una extensa gama de tejidos para confecci\u00f3n, principalmente en doble ancho (140-150 cm)  y en diferentes materias primas. Somos especialistas en tejidos para la confecci\u00f3n de prenceas y podemos organizar las entregas en unas condiciones de precio muy ajustadas a tus necesidades.<\/p><\/div>\r\n\t\t\t\t\t<\/div>\r\n\t\t\t<\/div>\r\n\t\t<\/div>\r\n\t<\/div>\r\n<\/div>\r\n<div id=\"skt-builder-image-text-block-59\" class=\"skt-builder-block-wrapper skt-builder-image-text-block skt-builder-image-text-block-59\" style=\"background-color: #ffffff; background-image: url(); padding-bottom: 0px; padding-top: 40px; \">\r\n\t<div class=\"skt-builder-block-inner skt-builder-block-inner-59\" style=\"\">\r\n\t\t<div class=\"skt-builder-container\">\r\n\t\t\t<div class=\"skt-builder-columns-row skt-builder-columns-row-2column\">\r\n\t\t\t\t\t<div class=\"skt-builder-column\">\r\n\t\t\t\t\t\t\t<div class=\"skt-builder-block-title\">\r\n\t\t\t\t\t\t\t\t<h2 style=\"color: #282828; text-align: left;\">M\u00e1s de 1.000 m2 de almac\u00e9n.<\/h2>\r\n\t\t\t\t\t\t\t<\/div>\r\n\t\t\t\t\t\t\t<div class=\"skt-builder-column-inner\"><p>Nuestro almac\u00e9n es amplio y continuamente estamos recibiendo g\u00e9nero y productos textiles de todo tipo para satisfacer las demandas de nuestros Clientes. <\/p><p>Y si necesitas una partida especial de g\u00e9nero, contacte con nosotros y estamos convencidos de poder encontrar lo que precisa. Nuestra experiencia y contactos tanto a nivel tanto nacional como internacional nos avalan para poder ofrecer pr\u00e1cticamente cualquier tejido para confecci\u00f3n, sea del material que sea y del origen que sea.<\/p><\/div>\r\n\t\t\t\t\t<\/div>\r\n\t\t\t\t\t<div class=\"skt-builder-column\">\r\n\t\t\t\t\t\t\t<div class=\"skt-builder-column-inner\"><img decoding=\"async\" src=\"https:\/\/www.stockstextilesbarcelona.com\/wp-content\/uploads\/2020\/01\/almacen-2-min.png\"><\/div>\r\n\t\t\t\t\t<\/div>\r\n\t\t\t<\/div>\r\n\t\t<\/div>\r\n\t<\/div>\r\n<\/div>\r\n<div id=\"skt-builder-shortcode-block-219\" class=\"skt-builder-block-wrapper skt-builder-shortcode-block skt-builder-shortcode-block-219\" style=\"background-color: #ffffff; background-image: url(); padding-bottom: 50px; padding-top: 60px; \">\r\n\t<div class=\"skt-builder-block-inner skt-builder-block-inner-219\" style=\"\">\r\n\t\t<div class=\"skt-builder-container\">\r\n                <div class=\"skt-builder-block-description\"><p><br><\/p><\/div>\r\n\t\t\t\t<div class=\"skt-builder-shortcode\"><p>\n        <div class=\"products-tile\">\n            <a href=\"#wow-modal-id-1\"> \n                <img decoding=\"async\" src=\"https:\/\/www.stockstextilesbarcelona.com\/wp-content\/themes\/skt-child\/images\/algodon-min.jpg\">\n                <h4>Algod\u00f3n<\/h4>\n            <\/a>\n            <a href=\"#wow-modal-id-2\"> \n                <img decoding=\"async\" src=\"https:\/\/www.stockstextilesbarcelona.com\/wp-content\/themes\/skt-child\/images\/raso-min.jpg\">\n                <h4>Raso<\/h4>\n            <\/a>\n            <a href=\"#wow-modal-id-3\"> \n                <img decoding=\"async\" src=\"https:\/\/www.stockstextilesbarcelona.com\/wp-content\/themes\/skt-child\/images\/invierno-min.jpg\">\n                <h4>Tejidos de invierno<\/h4>\n            <\/a>\n            <a href=\"#wow-modal-id-4\"> \n                <img decoding=\"async\" src=\"https:\/\/www.stockstextilesbarcelona.com\/wp-content\/themes\/skt-child\/images\/carnaval-min.jpg\">\n                <h4>Tejidos de carnaval<\/h4>\n            <\/a>\n            <a href=\"#wow-modal-id-5\"> \n                <img decoding=\"async\" src=\"https:\/\/www.stockstextilesbarcelona.com\/wp-content\/themes\/skt-child\/images\/fiesta-min.jpg\">\n                <h4>Tejidos de fiesta<\/h4>\n            <\/a>\n            <a href=\"#wow-modal-id-6\"> \n                <img decoding=\"async\" src=\"https:\/\/www.stockstextilesbarcelona.com\/wp-content\/themes\/skt-child\/images\/estampados-min.jpg\">\n                <h4>Estampados<\/h4>\n            <\/a>\n            <a href=\"https:\/\/www.stockstextilesbarcelona.com\/blog\"> \n                <img decoding=\"async\" src=\"https:\/\/www.stockstextilesbarcelona.com\/wp-content\/themes\/skt-child\/images\/novedades-topo.png\">\n            <\/a>\n        <\/div><\/p><\/div>\r\n\t\t<\/div>\r\n\t<\/div>\r\n<\/div>\r\n<div id=\"sktbuilder-iconbox-block-816\" class=\"skt-builder-block-wrapper sktbuilder-iconbox-block sktbuilder-iconbox-block-816\" style=\"background-color: #f3f3f3; background-image: url(http:\/\/alancuadras.com\/textiles\/wp-content\/uploads\/2020\/01\/teixits-paralax-min-scaled.jpg); padding-bottom: 0px; padding-top: 0px; \">\r\n\t<div class=\"skt-builder-block-inner skt-builder-block-inner-816\" style=\"\">\r\n        <div class=\"skt-builder-container\">\r\n                <div class=\"skt-builder-block-description\"><p class=\"ql-align-center\"><br><\/p><\/div>\r\n        <\/div>\r\n        <div class=\"qb-container\">\r\n                    <div class=\"qb-column qb-1-3 qb-mobile-1-1 \">\r\n                        <div class=\"sktbuilder-iconbox sktbuilder-iconbox-818\" style=\"background-color: rgba(255,255,255,0.5)\">\r\n                        \t<style>\r\n                            \t.sktbuilder-iconbox-818 .sktbuilder-iconbox__description p{color: #000000;}\r\n\t\t\t\t\t\t\t\t.sktbuilder-iconbox-818 .sktbuilder-iconbox__headertext:hover,\r\n\t\t\t\t\t\t\t\t.sktbuilder-iconbox-818 .sktbuilder-iconbox__headertext a:hover{color: #9437fd !important;}\r\n                            <\/style>\r\n                            <div class=\"sktbuilder-iconbox__item\">\r\n                                \t<div class=\"sktbuilder-iconbox__icon\"><img decoding=\"async\" src=\"https:\/\/www.stockstextilesbarcelona.com\/wp-content\/uploads\/2020\/01\/comprar.png\"><\/div>\r\n                            \r\n                                    <div class=\"sktbuilder-iconbox__itemheader\">\r\n                                    \t<span class=\"sktbuilder-iconbox__headertext_small\" style=\"color: #f58231;\"><\/span>\r\n                                    \t<h4 class=\"sktbuilder-iconbox__headertext\" style=\"color: #282828;\"><a href=\"comprar\" style=\"color: #282828;\" >Quieres comprar?<\/a><\/h4>\r\n                                    <\/div>\r\n                                \r\n                                    <div class=\"sktbuilder-iconbox__description\" style=\"color: #000000;\"><p>Disponemos tambi\u00e9n la m\u00e1s amplia gama de productos textiles y tejidos para la confecci\u00f3n a precios muy competitivos.<\/p><\/div>\r\n                                \r\n                                <div class=\"sktbuilder-iconbox__number\" style=\"background-color: #9437fd; color: #ffffff;\"><span style=\"background-color: #9437fd;\"><\/span><\/div>\r\n                            <\/div>\r\n                        <\/div>\r\n                    <\/div>\r\n                    \r\n                    <div class=\"qb-column qb-1-3 qb-mobile-1-1 \">\r\n                        <div class=\"sktbuilder-iconbox sktbuilder-iconbox-822\" style=\"background-color: rgba(255,255,255,0.5)\">\r\n                        \t<style>\r\n                            \t.sktbuilder-iconbox-822 .sktbuilder-iconbox__description p{color: #000000;}\r\n\t\t\t\t\t\t\t\t.sktbuilder-iconbox-822 .sktbuilder-iconbox__headertext:hover,\r\n\t\t\t\t\t\t\t\t.sktbuilder-iconbox-822 .sktbuilder-iconbox__headertext a:hover{color: #9437fd !important;}\r\n                            <\/style>\r\n                            <div class=\"sktbuilder-iconbox__item\">\r\n                                \t<div class=\"sktbuilder-iconbox__icon\"><img decoding=\"async\" src=\"https:\/\/www.stockstextilesbarcelona.com\/wp-content\/uploads\/2020\/01\/vender.png\"><\/div>\r\n                            \r\n                                    <div class=\"sktbuilder-iconbox__itemheader\">\r\n                                    \t<span class=\"sktbuilder-iconbox__headertext_small\" style=\"color: #9437fd;\"><\/span>\r\n                                    \t<h4 class=\"sktbuilder-iconbox__headertext\" style=\"color: #282828;\"><a href=\"vender\" style=\"color: #282828;\" >Quieres vender?<\/a><\/h4>\r\n                                    <\/div>\r\n                                \r\n                                    <div class=\"sktbuilder-iconbox__description\" style=\"color: #000000;\"><p>Si usted dispone de stocks sobrantes estamos muy interesados en su compra. Puede contactar con nosotros.<\/p><\/div>\r\n                                \r\n                                <div class=\"sktbuilder-iconbox__number\" style=\"background-color: #9437fd; color: #ffffff;\"><span style=\"background-color: #9437fd;\"><\/span><\/div>\r\n                            <\/div>\r\n                        <\/div>\r\n                    <\/div>\r\n                    \r\n        <\/div>\r\n\t<\/div>\r\n<\/div>    <!-- sktbuilder starter --><script type=\"text\/javascript\" src=\"https:\/\/www.stockstextilesbarcelona.com\/wp-content\/plugins\/skt-builder\/sktbuilder\/sktbuilder-frontend-starter.js\"><\/script><script type=\"text\/javascript\" src=\"https:\/\/www.stockstextilesbarcelona.com\/wp-content\/plugins\/skt-builder\/sktbuilder-wordpress-driver.js\"><\/script><script type=\"text\/javascript\"> var starter = new SktbuilderStarter({\"mode\": \"prod\", \"skip\":[\"jquery\",\"underscore\",\"backbone\"],\"sktbuilderUrl\": \"https:\/\/www.stockstextilesbarcelona.com\/wp-content\/plugins\/skt-builder\/sktbuilder\/\", \"driver\": new SktbuilderWordpressDriver({\"ajaxUrl\": \"https:\/\/www.stockstextilesbarcelona.com\/wp-admin\/admin-ajax.php\", \"iframeUrl\": \"https:\/\/www.stockstextilesbarcelona.com\/?page_id=113&sktbuilder=true\", \"pageId\": 113, \"pages\": [{\"title\":\"Home\",\"url\":\"https:\\\/\\\/www.stockstextilesbarcelona.com\\\/wp-admin\\\/post.php?post=29&action=sktbuilder\"}], \"page\": \"Productos\" }) });<\/script><!-- end sktbuilder starter -->","protected":false},"excerpt":{"rendered":"<p>Conoce nuestra amplia gama de telas para confecci\u00f3n y tejidos textiles en general. En Stocks [&hellip;]<\/p>\n","protected":false},"author":1,"featured_media":137,"parent":0,"menu_order":0,"comment_status":"closed","ping_status":"closed","template":"","meta":{"footnotes":""},"_links":{"self":[{"href":"https:\/\/www.stockstextilesbarcelona.com\/index.php?rest_route=\/wp\/v2\/pages\/113"}],"collection":[{"href":"https:\/\/www.stockstextilesbarcelona.com\/index.php?rest_route=\/wp\/v2\/pages"}],"about":[{"href":"https:\/\/www.stockstextilesbarcelona.com\/index.php?rest_route=\/wp\/v2\/types\/page"}],"author":[{"embeddable":true,"href":"https:\/\/www.stockstextilesbarcelona.com\/index.php?rest_route=\/wp\/v2\/users\/1"}],"replies":[{"embeddable":true,"href":"https:\/\/www.stockstextilesbarcelona.com\/index.php?rest_route=%2Fwp%2Fv2%2Fcomments&post=113"}],"version-history":[{"count":23,"href":"https:\/\/www.stockstextilesbarcelona.com\/index.php?rest_route=\/wp\/v2\/pages\/113\/revisions"}],"predecessor-version":[{"id":288,"href":"https:\/\/www.stockstextilesbarcelona.com\/index.php?rest_route=\/wp\/v2\/pages\/113\/revisions\/288"}],"wp:featuredmedia":[{"embeddable":true,"href":"https:\/\/www.stockstextilesbarcelona.com\/index.php?rest_route=\/wp\/v2\/media\/137"}],"wp:attachment":[{"href":"https:\/\/www.stockstextilesbarcelona.com\/index.php?rest_route=%2Fwp%2Fv2%2Fmedia&parent=113"}],"curies":[{"name":"wp","href":"https:\/\/api.w.org\/{rel}","templated":true}]}}