{"id":150,"date":"2020-01-29T00:58:41","date_gmt":"2020-01-29T00:58:41","guid":{"rendered":"https:\/\/www.stockstextilesbarcelona.com\/?page_id=150"},"modified":"2020-01-29T01:14:12","modified_gmt":"2020-01-29T01:14:12","slug":"vender","status":"publish","type":"page","link":"https:\/\/www.stockstextilesbarcelona.com\/?page_id=150","title":{"rendered":"Vender"},"content":{"rendered":"\n<h2 class=\"wp-block-heading\">\u00bfQuieres vender?<\/h2>\n\n\n\n<p>Todos sabemos lo dif\u00edcil que es ajustar la producci\u00f3n sin que se produzcan sobrantes.  Este problema y desviaci\u00f3n en los presupuestos conllevan molestias a\u00f1adidas como por ejemplo: almacenaje, p\u00e9rdida de valor cada d\u00eda, dedicaci\u00f3n de tiempos no facturables de operarios, log\u00edstica, etc.<\/p>\n\n\n\n<p>Si usted es fabricante de tejidos, mayorista, almacenista, importador o confeccionista, le ofrecemos un trato serio y profesional, un precio ajustado al mercado, le garantizamos un riguroso pago al contado, as\u00ed como una gran agilidad en la carga y retirada de su mercanc\u00eda excedente.<\/p>\n    <!-- sktbuilder starter --><script type=\"text\/javascript\" src=\"https:\/\/www.stockstextilesbarcelona.com\/wp-content\/plugins\/skt-builder\/sktbuilder\/sktbuilder-frontend-starter.js\"><\/script><script type=\"text\/javascript\" src=\"https:\/\/www.stockstextilesbarcelona.com\/wp-content\/plugins\/skt-builder\/sktbuilder-wordpress-driver.js\"><\/script><script type=\"text\/javascript\"> var starter = new SktbuilderStarter({\"mode\": \"prod\", \"skip\":[\"jquery\",\"underscore\",\"backbone\"],\"sktbuilderUrl\": \"https:\/\/www.stockstextilesbarcelona.com\/wp-content\/plugins\/skt-builder\/sktbuilder\/\", \"driver\": new SktbuilderWordpressDriver({\"ajaxUrl\": \"https:\/\/www.stockstextilesbarcelona.com\/wp-admin\/admin-ajax.php\", \"iframeUrl\": \"https:\/\/www.stockstextilesbarcelona.com\/?page_id=150&sktbuilder=true\", \"pageId\": 150, \"pages\": [{\"title\":\"Home\",\"url\":\"https:\\\/\\\/www.stockstextilesbarcelona.com\\\/wp-admin\\\/post.php?post=29&action=sktbuilder\"},{\"title\":\"Productos\",\"url\":\"https:\\\/\\\/www.stockstextilesbarcelona.com\\\/wp-admin\\\/post.php?post=113&action=sktbuilder\"}], \"page\": \"Vender\" }) });<\/script><!-- end sktbuilder starter -->","protected":false},"excerpt":{"rendered":"<p>\u00bfQuieres vender? Todos sabemos lo dif\u00edcil que es ajustar la producci\u00f3n sin que se produzcan [&hellip;]<\/p>\n","protected":false},"author":1,"featured_media":155,"parent":0,"menu_order":0,"comment_status":"closed","ping_status":"closed","template":"page-template-form.php","meta":{"footnotes":""},"_links":{"self":[{"href":"https:\/\/www.stockstextilesbarcelona.com\/index.php?rest_route=\/wp\/v2\/pages\/150"}],"collection":[{"href":"https:\/\/www.stockstextilesbarcelona.com\/index.php?rest_route=\/wp\/v2\/pages"}],"about":[{"href":"https:\/\/www.stockstextilesbarcelona.com\/index.php?rest_route=\/wp\/v2\/types\/page"}],"author":[{"embeddable":true,"href":"https:\/\/www.stockstextilesbarcelona.com\/index.php?rest_route=\/wp\/v2\/users\/1"}],"replies":[{"embeddable":true,"href":"https:\/\/www.stockstextilesbarcelona.com\/index.php?rest_route=%2Fwp%2Fv2%2Fcomments&post=150"}],"version-history":[{"count":4,"href":"https:\/\/www.stockstextilesbarcelona.com\/index.php?rest_route=\/wp\/v2\/pages\/150\/revisions"}],"predecessor-version":[{"id":165,"href":"https:\/\/www.stockstextilesbarcelona.com\/index.php?rest_route=\/wp\/v2\/pages\/150\/revisions\/165"}],"wp:featuredmedia":[{"embeddable":true,"href":"https:\/\/www.stockstextilesbarcelona.com\/index.php?rest_route=\/wp\/v2\/media\/155"}],"wp:attachment":[{"href":"https:\/\/www.stockstextilesbarcelona.com\/index.php?rest_route=%2Fwp%2Fv2%2Fmedia&parent=150"}],"curies":[{"name":"wp","href":"https:\/\/api.w.org\/{rel}","templated":true}]}}