{"id":152,"date":"2020-01-29T01:00:52","date_gmt":"2020-01-29T01:00:52","guid":{"rendered":"https:\/\/www.stockstextilesbarcelona.com\/?page_id=152"},"modified":"2020-02-19T12:03:00","modified_gmt":"2020-02-19T12:03:00","slug":"comprar","status":"publish","type":"page","link":"https:\/\/www.stockstextilesbarcelona.com\/?page_id=152","title":{"rendered":"Comprar"},"content":{"rendered":"\n<h2 class=\"wp-block-heading\">\u00bfQuieres comprar?<\/h2>\n\n\n\n<p>En Stocks Textiles Barcelona nos puede solicitar informaci\u00f3n sobre cualquier tejido, partidas en stock, tipos de productos textiles, g\u00e9neros especiales, tiempos de entrega y precios sobre cualquier producto que tengamos en el almac\u00e9n, como cualquier otro que necesite localizar.<\/p>\n\n\n\n<p>Le garantizamos una r\u00e1pida entrega de sus compras y el precio m\u00e1s ajustado que pueda encontrar.<\/p>\n    <!-- sktbuilder starter --><script type=\"text\/javascript\" src=\"https:\/\/www.stockstextilesbarcelona.com\/wp-content\/plugins\/skt-builder\/sktbuilder\/sktbuilder-frontend-starter.js\"><\/script><script type=\"text\/javascript\" src=\"https:\/\/www.stockstextilesbarcelona.com\/wp-content\/plugins\/skt-builder\/sktbuilder-wordpress-driver.js\"><\/script><script type=\"text\/javascript\"> var starter = new SktbuilderStarter({\"mode\": \"prod\", \"skip\":[\"jquery\",\"underscore\",\"backbone\"],\"sktbuilderUrl\": \"https:\/\/www.stockstextilesbarcelona.com\/wp-content\/plugins\/skt-builder\/sktbuilder\/\", \"driver\": new SktbuilderWordpressDriver({\"ajaxUrl\": \"https:\/\/www.stockstextilesbarcelona.com\/wp-admin\/admin-ajax.php\", \"iframeUrl\": \"https:\/\/www.stockstextilesbarcelona.com\/?page_id=152&sktbuilder=true\", \"pageId\": 152, \"pages\": [{\"title\":\"Home\",\"url\":\"https:\\\/\\\/www.stockstextilesbarcelona.com\\\/wp-admin\\\/post.php?post=29&action=sktbuilder\"},{\"title\":\"Productos\",\"url\":\"https:\\\/\\\/www.stockstextilesbarcelona.com\\\/wp-admin\\\/post.php?post=113&action=sktbuilder\"}], \"page\": \"Comprar\" }) });<\/script><!-- end sktbuilder starter -->","protected":false},"excerpt":{"rendered":"<p>\u00bfQuieres comprar? En Stocks Textiles Barcelona nos puede solicitar informaci\u00f3n sobre cualquier tejido, partidas en [&hellip;]<\/p>\n","protected":false},"author":1,"featured_media":153,"parent":0,"menu_order":0,"comment_status":"closed","ping_status":"closed","template":"page-template-form.php","meta":{"footnotes":""},"_links":{"self":[{"href":"https:\/\/www.stockstextilesbarcelona.com\/index.php?rest_route=\/wp\/v2\/pages\/152"}],"collection":[{"href":"https:\/\/www.stockstextilesbarcelona.com\/index.php?rest_route=\/wp\/v2\/pages"}],"about":[{"href":"https:\/\/www.stockstextilesbarcelona.com\/index.php?rest_route=\/wp\/v2\/types\/page"}],"author":[{"embeddable":true,"href":"https:\/\/www.stockstextilesbarcelona.com\/index.php?rest_route=\/wp\/v2\/users\/1"}],"replies":[{"embeddable":true,"href":"https:\/\/www.stockstextilesbarcelona.com\/index.php?rest_route=%2Fwp%2Fv2%2Fcomments&post=152"}],"version-history":[{"count":2,"href":"https:\/\/www.stockstextilesbarcelona.com\/index.php?rest_route=\/wp\/v2\/pages\/152\/revisions"}],"predecessor-version":[{"id":197,"href":"https:\/\/www.stockstextilesbarcelona.com\/index.php?rest_route=\/wp\/v2\/pages\/152\/revisions\/197"}],"wp:featuredmedia":[{"embeddable":true,"href":"https:\/\/www.stockstextilesbarcelona.com\/index.php?rest_route=\/wp\/v2\/media\/153"}],"wp:attachment":[{"href":"https:\/\/www.stockstextilesbarcelona.com\/index.php?rest_route=%2Fwp%2Fv2%2Fmedia&parent=152"}],"curies":[{"name":"wp","href":"https:\/\/api.w.org\/{rel}","templated":true}]}}