{"id":29,"date":"2019-06-26T09:29:07","date_gmt":"2019-06-26T09:29:07","guid":{"rendered":"https:\/\/demosktthemes.com\/completefree\/?page_id=29"},"modified":"2020-04-18T21:46:48","modified_gmt":"2020-04-18T21:46:48","slug":"home","status":"publish","type":"page","link":"https:\/\/www.stockstextilesbarcelona.com\/","title":{"rendered":"Home"},"content":{"rendered":"<div id=\"skt-builder-image-text-block-811\" class=\"empresa skt-builder-block-wrapper skt-builder-image-text-block skt-builder-image-text-block-811\" style=\"background-color: #ffffff; background-image: url(); padding-bottom: 60px; padding-top: 80px; \">\r\n\t<div class=\"skt-builder-block-inner skt-builder-block-inner-811\" style=\"\">\r\n\t\t<div class=\"skt-builder-container\">\r\n\t\t\t<div class=\"skt-builder-columns-row skt-builder-columns-row-2column\">\r\n\t\t\t\t\t<div class=\"skt-builder-column\">\r\n\t\t\t\t\t\t\t<div class=\"skt-builder-column-inner\"><img decoding=\"async\" src=\"https:\/\/www.stockstextilesbarcelona.com\/wp-content\/uploads\/2020\/01\/empleados.png\"><\/div>\r\n\t\t\t\t\t<\/div>\r\n\t\t\t\t\t<div class=\"skt-builder-column\">\r\n\t\t\t\t\t\t\t<div class=\"skt-builder-block-title\">\r\n\t\t\t\t\t\t\t\t<h2 style=\"color: #282828; text-align: left;\">La Empresa<\/h2>\r\n\t\t\t\t\t\t\t<\/div>\r\n\t\t\t\t\t\t\t<div class=\"skt-builder-column-inner\"><p class=\"ql-align-justify\">Somos una empresa mayorista dedicada a la compra venta de toda clase de stocks y partidas textiles, especialmente tejidos para confecci\u00f3n.<\/p><p class=\"ql-align-justify\">En las instalaciones de Stock Textiles Barcelona encontrar\u00e1s la m\u00e1s amplia variedad de tejidos textiles especialmente dise\u00f1ados para confecci\u00f3n como lanas, linos, algodones, poli\u00e9ster, camiser\u00eda, estampados etc. tanto en sarga, loneta, punto, etc.<\/p><p class=\"ql-align-justify\">Tambi\u00e9n puedes encontrar stocks especiales para su venta a peso. Todo nuestro equipo profesional conoce el mundo de la confecci\u00f3n y le podr\u00e1 orientar sobre la mejor partida que pueda necesitar para su taller o empresa.<\/p><\/div>\r\n\t\t\t\t\t<\/div>\r\n\t\t\t<\/div>\r\n\t\t<\/div>\r\n\t<\/div>\r\n<\/div>\r\n<div id=\"sktbuilder-text-block-548\" class=\"banner sktbuilder-block sktbuilder-text\">\r\n    <div class=\"qb-container\">\r\n            <div class=\"sktbuilder-header\">\r\n                <h2 class=\"sktbuilder-header__title sktbuilder-text__title sktbuilder-header__title_color_black\">STOCK PERMANENTE A PRECIOS ESPECTACULARES<\/h2>\r\n                <div class=\"sktbuilder-header__description sktbuilder-text__description sktbuilder-header__description_color_black\">\r\n                   <p><br><\/p>\r\n                <\/div>\r\n            <\/div>\r\n    <\/div>\r\n<\/div><div id=\"skt-builder-image-text-block-505\" class=\"empresa skt-builder-block-wrapper skt-builder-image-text-block skt-builder-image-text-block-505\" style=\"background-color: #ffffff; background-image: url(); padding-bottom: 50px; padding-top: 60px; \">\r\n\t<div class=\"skt-builder-block-inner skt-builder-block-inner-505\" style=\"\">\r\n\t\t<div class=\"skt-builder-container\">\r\n\t\t\t<div class=\"skt-builder-columns-row skt-builder-columns-row-2column\">\r\n\t\t\t\t\t<div class=\"skt-builder-column\">\r\n\t\t\t\t\t\t\t<div class=\"skt-builder-block-title\">\r\n\t\t\t\t\t\t\t\t<h2 style=\"color: #282828; text-align: left;\">Somos especialistas en tejidos para la confecci\u00f3n.<\/h2>\r\n\t\t\t\t\t\t\t<\/div>\r\n\t\t\t\t\t\t\t<div class=\"skt-builder-column-inner\"><p>Al ser especialistas en stocks textiles, nuestros clientes desde siempre nos han confiado sus pedidos y en ocasiones nos demandan partidas especiales que siempre hemos logrado encontrar y servir en los plazos establecidos. <\/p><p>Nuestros clientes son desde tiendas de tejidos al detal, a almacenistas, confeccionistas y mayoristas de Espa\u00f1a, Europa, \u00c1frica y Am\u00e9rica. <\/p><p>Servimos todos nuestros tejidos a cualquier lugar que lo desee y en las condiciones \u00f3ptimas para que le entrega sea siempre la ideal.<\/p><p>Y entre nuestros proveedores se encuentran importantes firmas internacionales de confecci\u00f3n, peque\u00f1os confeccionistas, fabricantes tanto nacionales como internacionales, importadores-distribuidores, almacenistas, etc.<\/p><\/div>\r\n\t\t\t\t\t<\/div>\r\n\t\t\t\t\t<div class=\"skt-builder-column\">\r\n\t\t\t\t\t\t\t<div class=\"skt-builder-column-inner\"><img decoding=\"async\" src=\"https:\/\/www.stockstextilesbarcelona.com\/wp-content\/uploads\/2020\/01\/almacen-1-min.png\"><\/div>\r\n\t\t\t\t\t<\/div>\r\n\t\t\t<\/div>\r\n\t\t<\/div>\r\n\t<\/div>\r\n<\/div>\r\n<div id=\"sktbuilder-iconbox-block-578\" class=\"skt-builder-block-wrapper sktbuilder-iconbox-block sktbuilder-iconbox-block-578\" style=\"background-color: #f3f3f3; background-image: url(https:\/\/www.stockstextilesbarcelona.com\/wp-content\/uploads\/2020\/01\/teixits-paralax-min-scaled.jpg); padding-bottom: 0px; padding-top: 0px; \">\r\n\t<div class=\"skt-builder-block-inner skt-builder-block-inner-578\" style=\"visibility: hidden;\">\r\n        <div class=\"skt-builder-container\">\r\n                <div class=\"skt-builder-block-description\"><p class=\"ql-align-center\"><br><\/p><\/div>\r\n        <\/div>\r\n        <div class=\"qb-container\">\r\n                    <div class=\"qb-column qb-1-3 qb-mobile-1-1 \">\r\n                        <div class=\"sktbuilder-iconbox sktbuilder-iconbox-580\" style=\"background-color: rgba(255,255,255,0.5)\">\r\n                        \t<style>\r\n                            \t.sktbuilder-iconbox-580 .sktbuilder-iconbox__description p{color: #000000;}\r\n\t\t\t\t\t\t\t\t.sktbuilder-iconbox-580 .sktbuilder-iconbox__headertext:hover,\r\n\t\t\t\t\t\t\t\t.sktbuilder-iconbox-580 .sktbuilder-iconbox__headertext a:hover{color: #9437fd !important;}\r\n                            <\/style>\r\n                            <div class=\"sktbuilder-iconbox__item\">\r\n                                \t<div class=\"sktbuilder-iconbox__icon\"><img decoding=\"async\" src=\"https:\/\/www.stockstextilesbarcelona.com\/wp-content\/uploads\/2020\/01\/comprar.png\"><\/div>\r\n                            \r\n                                    <div class=\"sktbuilder-iconbox__itemheader\">\r\n                                    \t<span class=\"sktbuilder-iconbox__headertext_small\" style=\"color: #9437fd;\"><\/span>\r\n                                    \t<h4 class=\"sktbuilder-iconbox__headertext\" style=\"color: #282828;\"><a href=\"comprar\" style=\"color: #282828;\" >\u00bfQuieres comprar?<\/a><\/h4>\r\n                                    <\/div>\r\n                                \r\n                                    <div class=\"sktbuilder-iconbox__description\" style=\"color: #000000;\"><p>Disponemos tambi\u00e9n la m\u00e1s amplia gama de productos textiles y tejidos para la confecci\u00f3n a precios muy competitivos.<\/p><\/div>\r\n                                \r\n                                <div class=\"sktbuilder-iconbox__number\" style=\"background-color: rgba(255,255,255,0.5); color: #ffffff;\"><span style=\"background-color: rgba(255,255,255,0.5);\"><\/span><\/div>\r\n                            <\/div>\r\n                        <\/div>\r\n                    <\/div>\r\n                    \r\n                    <div class=\"qb-column qb-1-3 qb-mobile-1-1 \">\r\n                        <div class=\"sktbuilder-iconbox sktbuilder-iconbox-584\" style=\"background-color: rgba(255,255,255,0.5)\">\r\n                        \t<style>\r\n                            \t.sktbuilder-iconbox-584 .sktbuilder-iconbox__description p{color: #000000;}\r\n\t\t\t\t\t\t\t\t.sktbuilder-iconbox-584 .sktbuilder-iconbox__headertext:hover,\r\n\t\t\t\t\t\t\t\t.sktbuilder-iconbox-584 .sktbuilder-iconbox__headertext a:hover{color: #9437fd !important;}\r\n                            <\/style>\r\n                            <div class=\"sktbuilder-iconbox__item\">\r\n                                \t<div class=\"sktbuilder-iconbox__icon\"><img decoding=\"async\" src=\"https:\/\/www.stockstextilesbarcelona.com\/wp-content\/uploads\/2020\/01\/vender.png\"><\/div>\r\n                            \r\n                                    <div class=\"sktbuilder-iconbox__itemheader\">\r\n                                    \t<span class=\"sktbuilder-iconbox__headertext_small\" style=\"color: #9437fd;\"><\/span>\r\n                                    \t<h4 class=\"sktbuilder-iconbox__headertext\" style=\"color: #282828;\"><a href=\"vender\" style=\"color: #282828;\" >Quieres vender?<\/a><\/h4>\r\n                                    <\/div>\r\n                                \r\n                                    <div class=\"sktbuilder-iconbox__description\" style=\"color: #000000;\"><p>Si usted dispone de stocks sobrantes estamos muy interesados en su compra. Puede contactar con nosotros.<\/p><\/div>\r\n                                \r\n                                <div class=\"sktbuilder-iconbox__number\" style=\"background-color: #9437fd; color: #ffffff;\"><span style=\"background-color: #9437fd;\"><\/span><\/div>\r\n                            <\/div>\r\n                        <\/div>\r\n                    <\/div>\r\n                    \r\n        <\/div>\r\n\t<\/div>\r\n<\/div>\r\n<script>\r\njQuery.noConflict();\r\njQuery(document).ready(function(){\r\njQuery(window).scroll(function(){\r\n    \/\/ This is then function used to detect if the element is scrolled into view\r\n    function elementScrolled(elem)\r\n    {\r\n        var docViewTop = jQuery(window).scrollTop();\r\n        var docViewBottom = docViewTop + jQuery(window).height();\r\n        var elemTop = jQuery(elem).offset().top;\r\n        return ((elemTop <= docViewBottom) && (elemTop >= docViewTop));\r\n    }\r\n\r\n\tif (jQuery('.skt-builder-block-inner-578').length > 0) {\r\n\tif(elementScrolled('.skt-builder-block-inner-578')) {\r\n        var els = jQuery('.skt-builder-block-inner-578'),\r\n            i = 0,\r\n            f = function () {\r\n                jQuery(els[i++]).addClass('fadeIn');\r\n                if(i < els.length) setTimeout(f, 400);\r\n            };\r\n        f();\r\n    }}\r\n\r\n});\r\n});\r\n<\/script>\r\n<div id=\"sktbuilder-call-to-action-block-560\" class=\"call-to-action-tejidos sktbuilder-block sktbuilder-call-to-action\" style=\"background-image: url(https:\/\/www.stockstextilesbarcelona.com\/wp-content\/uploads\/2020\/01\/telas-footer-min-scaled.jpg);\">\r\n        <div class=\"qb-container\">\r\n            <div class=\"sktbuilder-header\">\r\n                <div class=\"sktbuilder-header__description sktbuilder-header__description_color_white\">\r\n                   <p><br><\/p>\r\n                <\/div>\r\n            <\/div>\r\n                <div class=\"sktbuilder-button sktbuilder-button-call-to-action\">\r\n                    <a class=\"sktbuilder-button__button sktbuilder-button__button_hdf\" type=\"button\" href=\"https:\/\/www.stockstextilesbarcelona.com\/productos\/\">ACCEDE A TODOS NUESTROS TEJIDOS<\/a>\r\n                <\/div>\r\n        <\/div>\r\n<\/div>    <!-- sktbuilder starter --><script type=\"text\/javascript\" src=\"https:\/\/www.stockstextilesbarcelona.com\/wp-content\/plugins\/skt-builder\/sktbuilder\/sktbuilder-frontend-starter.js\"><\/script><script type=\"text\/javascript\" src=\"https:\/\/www.stockstextilesbarcelona.com\/wp-content\/plugins\/skt-builder\/sktbuilder-wordpress-driver.js\"><\/script><script type=\"text\/javascript\"> var starter = new SktbuilderStarter({\"mode\": \"prod\", \"skip\":[\"jquery\",\"underscore\",\"backbone\"],\"sktbuilderUrl\": \"https:\/\/www.stockstextilesbarcelona.com\/wp-content\/plugins\/skt-builder\/sktbuilder\/\", \"driver\": new SktbuilderWordpressDriver({\"ajaxUrl\": \"https:\/\/www.stockstextilesbarcelona.com\/wp-admin\/admin-ajax.php\", \"iframeUrl\": \"https:\/\/www.stockstextilesbarcelona.com\/?sktbuilder=true\", \"pageId\": 29, \"pages\": [{\"title\":\"Productos\",\"url\":\"https:\\\/\\\/www.stockstextilesbarcelona.com\\\/wp-admin\\\/post.php?post=113&action=sktbuilder\"}], \"page\": \"Home\" }) });<\/script><!-- end sktbuilder starter -->","protected":false},"excerpt":{"rendered":"<p>La Empresa Somos una empresa mayorista dedicada a la compra venta de toda clase de [&hellip;]<\/p>\n","protected":false},"author":1,"featured_media":0,"parent":0,"menu_order":0,"comment_status":"closed","ping_status":"closed","template":"","meta":{"footnotes":""},"_links":{"self":[{"href":"https:\/\/www.stockstextilesbarcelona.com\/index.php?rest_route=\/wp\/v2\/pages\/29"}],"collection":[{"href":"https:\/\/www.stockstextilesbarcelona.com\/index.php?rest_route=\/wp\/v2\/pages"}],"about":[{"href":"https:\/\/www.stockstextilesbarcelona.com\/index.php?rest_route=\/wp\/v2\/types\/page"}],"author":[{"embeddable":true,"href":"https:\/\/www.stockstextilesbarcelona.com\/index.php?rest_route=\/wp\/v2\/users\/1"}],"replies":[{"embeddable":true,"href":"https:\/\/www.stockstextilesbarcelona.com\/index.php?rest_route=%2Fwp%2Fv2%2Fcomments&post=29"}],"version-history":[{"count":10,"href":"https:\/\/www.stockstextilesbarcelona.com\/index.php?rest_route=\/wp\/v2\/pages\/29\/revisions"}],"predecessor-version":[{"id":282,"href":"https:\/\/www.stockstextilesbarcelona.com\/index.php?rest_route=\/wp\/v2\/pages\/29\/revisions\/282"}],"wp:attachment":[{"href":"https:\/\/www.stockstextilesbarcelona.com\/index.php?rest_route=%2Fwp%2Fv2%2Fmedia&parent=29"}],"curies":[{"name":"wp","href":"https:\/\/api.w.org\/{rel}","templated":true}]}}